{"id":41,"date":"2025-05-11T21:32:02","date_gmt":"2025-05-11T21:32:02","guid":{"rendered":"http:\/\/www.quantumbh.com.br\/?page_id=41"},"modified":"2025-05-11T22:08:16","modified_gmt":"2025-05-11T22:08:16","slug":"pagina-inicial","status":"publish","type":"page","link":"http:\/\/www.quantumbh.com.br\/","title":{"rendered":"Pagina inicial"},"content":{"rendered":"\t\t<div data-elementor-type=\"wp-page\" data-elementor-id=\"41\" class=\"elementor elementor-41\">\n\t\t\t\t<div class=\"elementor-element elementor-element-55d81c6 e-con-full e-flex e-con e-parent\" data-id=\"55d81c6\" data-element_type=\"container\" data-settings=\"{&quot;background_background&quot;:&quot;classic&quot;}\">\n\t\t\t\t<div class=\"elementor-element elementor-element-2e83e40 elementor-widget elementor-widget-image\" data-id=\"2e83e40\" data-element_type=\"widget\" data-widget_type=\"image.default\">\n\t\t\t\t<div class=\"elementor-widget-container\">\n\t\t\t\t\t\t\t\t\t\t\t\t\t\t\t<img decoding=\"async\" width=\"150\" height=\"150\" src=\"http:\/\/www.quantumbh.com.br\/wp-content\/uploads\/2025\/04\/Logoquanrum-150x150.png\" class=\"attachment-thumbnail size-thumbnail wp-image-12\" alt=\"\" srcset=\"http:\/\/www.quantumbh.com.br\/wp-content\/uploads\/2025\/04\/Logoquanrum-150x150.png 150w, http:\/\/www.quantumbh.com.br\/wp-content\/uploads\/2025\/04\/Logoquanrum-300x300.png 300w, http:\/\/www.quantumbh.com.br\/wp-content\/uploads\/2025\/04\/Logoquanrum.png 1024w\" sizes=\"(max-width: 150px) 100vw, 150px\" \/>\t\t\t\t\t\t\t\t\t\t\t\t\t\t\t<\/div>\n\t\t\t\t<\/div>\n\t\t\t\t<div class=\"elementor-element elementor-element-2483f85 elementor-widget elementor-widget-text-editor\" data-id=\"2483f85\" data-element_type=\"widget\" data-widget_type=\"text-editor.default\">\n\t\t\t\t<div class=\"elementor-widget-container\">\n\t\t\t\t\t\t\t\t\t<h3>REPRESENTA\u00c7\u00c3O COMERCIAL DE MATERIAIS ELETRICOS DE QUALIDADE.<\/h3><h2><span style=\"font-size: 1rem; color: inherit; font-family: inherit;\">H\u00c1 MAIS DE 20 ANOS NO MERCADO<\/span><\/h2>\t\t\t\t\t\t\t\t<\/div>\n\t\t\t\t<\/div>\n\t\t\t\t<div class=\"elementor-element elementor-element-a175fbe elementor-align-center elementor-widget elementor-widget-button\" data-id=\"a175fbe\" data-element_type=\"widget\" data-widget_type=\"button.default\">\n\t\t\t\t<div class=\"elementor-widget-container\">\n\t\t\t\t\t\t\t\t\t<div class=\"elementor-button-wrapper\">\n\t\t\t\t\t<a class=\"elementor-button elementor-button-link elementor-size-sm\" href=\"https:\/\/api.whatsapp.com\/message\/7PMLJC2QZONQH1?autoload=1&#038;app_absent=0\" target=\"_blank\">\n\t\t\t\t\t\t<span class=\"elementor-button-content-wrapper\">\n\t\t\t\t\t\t<span class=\"elementor-button-icon\">\n\t\t\t\t<svg aria-hidden=\"true\" class=\"e-font-icon-svg e-fab-whatsapp\" viewBox=\"0 0 448 512\" xmlns=\"http:\/\/www.w3.org\/2000\/svg\"><path d=\"M380.9 97.1C339 55.1 283.2 32 223.9 32c-122.4 0-222 99.6-222 222 0 39.1 10.2 77.3 29.6 111L0 480l117.7-30.9c32.4 17.7 68.9 27 106.1 27h.1c122.3 0 224.1-99.6 224.1-222 0-59.3-25.2-115-67.1-157zm-157 341.6c-33.2 0-65.7-8.9-94-25.7l-6.7-4-69.8 18.3L72 359.2l-4.4-7c-18.5-29.4-28.2-63.3-28.2-98.2 0-101.7 82.8-184.5 184.6-184.5 49.3 0 95.6 19.2 130.4 54.1 34.8 34.9 56.2 81.2 56.1 130.5 0 101.8-84.9 184.6-186.6 184.6zm101.2-138.2c-5.5-2.8-32.8-16.2-37.9-18-5.1-1.9-8.8-2.8-12.5 2.8-3.7 5.6-14.3 18-17.6 21.8-3.2 3.7-6.5 4.2-12 1.4-32.6-16.3-54-29.1-75.5-66-5.7-9.8 5.7-9.1 16.3-30.3 1.8-3.7.9-6.9-.5-9.7-1.4-2.8-12.5-30.1-17.1-41.2-4.5-10.8-9.1-9.3-12.5-9.5-3.2-.2-6.9-.2-10.6-.2-3.7 0-9.7 1.4-14.8 6.9-5.1 5.6-19.4 19-19.4 46.3 0 27.3 19.9 53.7 22.6 57.4 2.8 3.7 39.1 59.7 94.8 83.8 35.2 15.2 49 16.5 66.6 13.9 10.7-1.6 32.8-13.4 37.4-26.4 4.6-13 4.6-24.1 3.2-26.4-1.3-2.5-5-3.9-10.5-6.6z\"><\/path><\/svg>\t\t\t<\/span>\n\t\t\t\t\t\t\t\t\t<span class=\"elementor-button-text\">Whatsapp<\/span>\n\t\t\t\t\t<\/span>\n\t\t\t\t\t<\/a>\n\t\t\t\t<\/div>\n\t\t\t\t\t\t\t\t<\/div>\n\t\t\t\t<\/div>\n\t\t\t\t<\/div>\n\t\t<div class=\"elementor-element elementor-element-edbd44a e-flex e-con-boxed e-con e-parent\" data-id=\"edbd44a\" data-element_type=\"container\">\n\t\t\t\t\t<div class=\"e-con-inner\">\n\t\t<div class=\"elementor-element elementor-element-234378c e-con-full e-flex e-con e-child\" data-id=\"234378c\" data-element_type=\"container\">\n\t\t\t\t<div class=\"elementor-element elementor-element-86f0262 elementor-widget elementor-widget-heading\" data-id=\"86f0262\" data-element_type=\"widget\" data-widget_type=\"heading.default\">\n\t\t\t\t<div class=\"elementor-widget-container\">\n\t\t\t\t\t<h2 class=\"elementor-heading-title elementor-size-default\">EMPRESAS REPRESENTADAS<\/h2>\t\t\t\t<\/div>\n\t\t\t\t<\/div>\n\t\t\t\t<\/div>\n\t\t<div class=\"elementor-element elementor-element-3728657 e-con-full e-flex e-con e-child\" data-id=\"3728657\" data-element_type=\"container\">\n\t\t\t\t<div class=\"elementor-element elementor-element-c1017f7 elementor-widget elementor-widget-image\" data-id=\"c1017f7\" data-element_type=\"widget\" data-widget_type=\"image.default\">\n\t\t\t\t<div class=\"elementor-widget-container\">\n\t\t\t\t\t\t\t\t\t\t\t\t\t\t\t\t<a href=\"https:\/\/www.vluz.com.br\/\" target=\"_blank\">\n\t\t\t\t\t\t\t<img fetchpriority=\"high\" decoding=\"async\" width=\"231\" height=\"218\" src=\"http:\/\/www.quantumbh.com.br\/wp-content\/uploads\/2025\/05\/Vluz.png\" class=\"attachment-large size-large wp-image-48\" alt=\"\" \/>\t\t\t\t\t\t\t\t<\/a>\n\t\t\t\t\t\t\t\t\t\t\t\t\t\t\t<\/div>\n\t\t\t\t<\/div>\n\t\t\t\t<\/div>\n\t\t<div class=\"elementor-element elementor-element-6a7afef e-con-full e-flex e-con e-child\" data-id=\"6a7afef\" data-element_type=\"container\">\n\t\t\t\t<div class=\"elementor-element elementor-element-ba50ee6 elementor-widget elementor-widget-image\" data-id=\"ba50ee6\" data-element_type=\"widget\" data-widget_type=\"image.default\">\n\t\t\t\t<div class=\"elementor-widget-container\">\n\t\t\t\t\t\t\t\t\t\t\t\t\t\t\t\t<a href=\"https:\/\/eletricbox.com.br\/\" target=\"_blank\">\n\t\t\t\t\t\t\t<img decoding=\"async\" width=\"300\" height=\"168\" src=\"http:\/\/www.quantumbh.com.br\/wp-content\/uploads\/2025\/05\/tablepast.png\" class=\"attachment-large size-large wp-image-47\" alt=\"\" \/>\t\t\t\t\t\t\t\t<\/a>\n\t\t\t\t\t\t\t\t\t\t\t\t\t\t\t<\/div>\n\t\t\t\t<\/div>\n\t\t\t\t<\/div>\n\t\t<div class=\"elementor-element elementor-element-c82f112 e-con-full e-flex e-con e-child\" data-id=\"c82f112\" data-element_type=\"container\">\n\t\t\t\t<div class=\"elementor-element elementor-element-076a929 elementor-widget elementor-widget-image\" data-id=\"076a929\" data-element_type=\"widget\" data-widget_type=\"image.default\">\n\t\t\t\t<div class=\"elementor-widget-container\">\n\t\t\t\t\t\t\t\t\t\t\t\t\t\t\t\t<a href=\"https:\/\/opcaopaineis.com.br\/\" target=\"_blank\">\n\t\t\t\t\t\t\t<img loading=\"lazy\" decoding=\"async\" width=\"290\" height=\"133\" src=\"http:\/\/www.quantumbh.com.br\/wp-content\/uploads\/2025\/05\/Opcao.jpeg\" class=\"attachment-large size-large wp-image-45\" alt=\"\" \/>\t\t\t\t\t\t\t\t<\/a>\n\t\t\t\t\t\t\t\t\t\t\t\t\t\t\t<\/div>\n\t\t\t\t<\/div>\n\t\t\t\t<\/div>\n\t\t\t\t\t<\/div>\n\t\t\t\t<\/div>\n\t\t<div class=\"elementor-element elementor-element-23d5417 e-flex e-con-boxed e-con e-parent\" data-id=\"23d5417\" data-element_type=\"container\">\n\t\t\t\t\t<div class=\"e-con-inner\">\n\t\t<div class=\"elementor-element elementor-element-c52a938 e-con-full e-flex e-con e-child\" data-id=\"c52a938\" data-element_type=\"container\">\n\t\t\t\t<div class=\"elementor-element elementor-element-1ff083a elementor-widget elementor-widget-heading\" data-id=\"1ff083a\" data-element_type=\"widget\" data-widget_type=\"heading.default\">\n\t\t\t\t<div class=\"elementor-widget-container\">\n\t\t\t\t\t<h2 class=\"elementor-heading-title elementor-size-default\">Sobre a QuantumBH <\/h2>\t\t\t\t<\/div>\n\t\t\t\t<\/div>\n\t\t\t\t<div class=\"elementor-element elementor-element-fa3fd6e elementor-widget elementor-widget-text-editor\" data-id=\"fa3fd6e\" data-element_type=\"widget\" data-widget_type=\"text-editor.default\">\n\t\t\t\t<div class=\"elementor-widget-container\">\n\t\t\t\t\t\t\t\t\t<p data-start=\"155\" data-end=\"485\">Com <strong>25\u00a0anos de experi\u00eancia<\/strong> no mercado, a <strong data-start=\"200\" data-end=\"213\">QuantumBH<\/strong> \u00e9 refer\u00eancia em <strong data-start=\"230\" data-end=\"280\">representa\u00e7\u00e3o comercial de materiais el\u00e9tricos em Belo Horizonte e regi\u00e3o Metropolitana<\/strong>. Desde o in\u00edcio de nossa trajet\u00f3ria, nosso objetivo tem sido oferecer <strong data-start=\"351\" data-end=\"381\">produtos de alta qualidade<\/strong> e <strong data-start=\"384\" data-end=\"421\">atendimento t\u00e9cnico especializado<\/strong>, sempre com um olhar atento \u00e0s necessidades de nossos clientes.<\/p><p data-start=\"487\" data-end=\"806\">Somos especialistas em fornecer solu\u00e7\u00f5es para o <strong data-start=\"535\" data-end=\"553\">setor el\u00e9trico<\/strong>, com uma <strong data-start=\"563\" data-end=\"585\">curadoria rigorosa<\/strong> dos melhores fornecedores e fabricantes. A <strong data-start=\"629\" data-end=\"642\">confian\u00e7a<\/strong> e a <strong data-start=\"647\" data-end=\"664\">credibilidade<\/strong> conquistadas ao longo dessas tr\u00eas d\u00e9cadas s\u00e3o a base que sustentam nossos <strong data-start=\"739\" data-end=\"769\">relacionamentos duradouros<\/strong> com clientes e parceiros comerciais.<\/p>\t\t\t\t\t\t\t\t<\/div>\n\t\t\t\t<\/div>\n\t\t\t\t<\/div>\n\t\t<div class=\"elementor-element elementor-element-1c98a3f e-con-full e-flex e-con e-child\" data-id=\"1c98a3f\" data-element_type=\"container\">\n\t\t\t\t<div class=\"elementor-element elementor-element-72ba333 elementor-widget elementor-widget-heading\" data-id=\"72ba333\" data-element_type=\"widget\" data-widget_type=\"heading.default\">\n\t\t\t\t<div class=\"elementor-widget-container\">\n\t\t\t\t\t<h2 class=\"elementor-heading-title elementor-size-default\">Onde estamos ? <\/h2>\t\t\t\t<\/div>\n\t\t\t\t<\/div>\n\t\t\t\t<div class=\"elementor-element elementor-element-e01c3ec elementor-widget elementor-widget-google_maps\" data-id=\"e01c3ec\" data-element_type=\"widget\" data-widget_type=\"google_maps.default\">\n\t\t\t\t<div class=\"elementor-widget-container\">\n\t\t\t\t\t\t\t<div class=\"elementor-custom-embed\">\n\t\t\t<iframe loading=\"lazy\"\n\t\t\t\t\tsrc=\"https:\/\/maps.google.com\/maps?q=Rua%20Raul%20Pompeia%20264%2C%20Belo%20Horizonte&#038;t=m&#038;z=10&#038;output=embed&#038;iwloc=near\"\n\t\t\t\t\ttitle=\"Rua Raul Pompeia 264, Belo Horizonte\"\n\t\t\t\t\taria-label=\"Rua Raul Pompeia 264, Belo Horizonte\"\n\t\t\t><\/iframe>\n\t\t<\/div>\n\t\t\t\t\t\t<\/div>\n\t\t\t\t<\/div>\n\t\t\t\t<\/div>\n\t\t<div class=\"elementor-element elementor-element-df791e0 e-con-full e-flex e-con e-child\" data-id=\"df791e0\" data-element_type=\"container\">\n\t\t\t\t<div class=\"elementor-element elementor-element-6205a4b elementor-widget elementor-widget-heading\" data-id=\"6205a4b\" data-element_type=\"widget\" data-widget_type=\"heading.default\">\n\t\t\t\t<div class=\"elementor-widget-container\">\n\t\t\t\t\t<h2 class=\"elementor-heading-title elementor-size-default\">Aqui tem Qualidade e Confian\u00e7a <\/h2>\t\t\t\t<\/div>\n\t\t\t\t<\/div>\n\t\t\t\t<\/div>\n\t\t\t\t\t<\/div>\n\t\t\t\t<\/div>\n\t\t<div class=\"elementor-element elementor-element-50fe72f e-grid e-con-boxed e-con e-parent\" data-id=\"50fe72f\" data-element_type=\"container\" data-settings=\"{&quot;background_background&quot;:&quot;classic&quot;}\">\n\t\t\t\t\t<div class=\"e-con-inner\">\n\t\t\t\t<div class=\"elementor-element elementor-element-2c790bd elementor-widget elementor-widget-heading\" data-id=\"2c790bd\" data-element_type=\"widget\" data-widget_type=\"heading.default\">\n\t\t\t\t<div class=\"elementor-widget-container\">\n\t\t\t\t\t<h2 class=\"elementor-heading-title elementor-size-default\">Nosso Email<\/h2>\t\t\t\t<\/div>\n\t\t\t\t<\/div>\n\t\t\t\t<div class=\"elementor-element elementor-element-c84fe4a elementor-view-default elementor-widget elementor-widget-icon\" data-id=\"c84fe4a\" data-element_type=\"widget\" data-widget_type=\"icon.default\">\n\t\t\t\t<div class=\"elementor-widget-container\">\n\t\t\t\t\t\t\t<div class=\"elementor-icon-wrapper\">\n\t\t\t<div class=\"elementor-icon\">\n\t\t\t<svg aria-hidden=\"true\" class=\"e-font-icon-svg e-fas-mail-bulk\" viewBox=\"0 0 576 512\" xmlns=\"http:\/\/www.w3.org\/2000\/svg\"><path d=\"M160 448c-25.6 0-51.2-22.4-64-32-64-44.8-83.2-60.8-96-70.4V480c0 17.67 14.33 32 32 32h256c17.67 0 32-14.33 32-32V345.6c-12.8 9.6-32 25.6-96 70.4-12.8 9.6-38.4 32-64 32zm128-192H32c-17.67 0-32 14.33-32 32v16c25.6 19.2 22.4 19.2 115.2 86.4 9.6 6.4 28.8 25.6 44.8 25.6s35.2-19.2 44.8-22.4c92.8-67.2 89.6-67.2 115.2-86.4V288c0-17.67-14.33-32-32-32zm256-96H224c-17.67 0-32 14.33-32 32v32h96c33.21 0 60.59 25.42 63.71 57.82l.29-.22V416h192c17.67 0 32-14.33 32-32V192c0-17.67-14.33-32-32-32zm-32 128h-64v-64h64v64zm-352-96c0-35.29 28.71-64 64-64h224V32c0-17.67-14.33-32-32-32H96C78.33 0 64 14.33 64 32v192h96v-32z\"><\/path><\/svg>\t\t\t<\/div>\n\t\t<\/div>\n\t\t\t\t\t\t<\/div>\n\t\t\t\t<\/div>\n\t\t\t\t<div class=\"elementor-element elementor-element-995d6b0 elementor-widget elementor-widget-text-editor\" data-id=\"995d6b0\" data-element_type=\"widget\" data-widget_type=\"text-editor.default\">\n\t\t\t\t<div class=\"elementor-widget-container\">\n\t\t\t\t\t\t\t\t\t<p>Fernandobrito@quantumbh.com.br<\/p>\t\t\t\t\t\t\t\t<\/div>\n\t\t\t\t<\/div>\n\t\t\t\t\t<\/div>\n\t\t\t\t<\/div>\n\t\t\t\t<\/div>\n\t\t","protected":false},"excerpt":{"rendered":"<p>REPRESENTA\u00c7\u00c3O COMERCIAL DE MATERIAIS ELETRICOS DE QUALIDADE. H\u00c1 MAIS DE 20 ANOS NO MERCADO Whatsapp EMPRESAS REPRESENTADAS Sobre a QuantumBH Com 25\u00a0anos de experi\u00eancia no mercado, a QuantumBH \u00e9 refer\u00eancia em representa\u00e7\u00e3o comercial de materiais el\u00e9tricos em Belo Horizonte e regi\u00e3o Metropolitana. Desde o in\u00edcio de nossa trajet\u00f3ria, nosso objetivo tem sido oferecer produtos de [&hellip;]<\/p>\n","protected":false},"author":1,"featured_media":0,"parent":0,"menu_order":0,"comment_status":"closed","ping_status":"closed","template":"elementor_canvas","meta":{"_eb_attr":"","footnotes":""},"class_list":["post-41","page","type-page","status-publish","hentry"],"_links":{"self":[{"href":"http:\/\/www.quantumbh.com.br\/index.php?rest_route=\/wp\/v2\/pages\/41","targetHints":{"allow":["GET"]}}],"collection":[{"href":"http:\/\/www.quantumbh.com.br\/index.php?rest_route=\/wp\/v2\/pages"}],"about":[{"href":"http:\/\/www.quantumbh.com.br\/index.php?rest_route=\/wp\/v2\/types\/page"}],"author":[{"embeddable":true,"href":"http:\/\/www.quantumbh.com.br\/index.php?rest_route=\/wp\/v2\/users\/1"}],"replies":[{"embeddable":true,"href":"http:\/\/www.quantumbh.com.br\/index.php?rest_route=%2Fwp%2Fv2%2Fcomments&post=41"}],"version-history":[{"count":13,"href":"http:\/\/www.quantumbh.com.br\/index.php?rest_route=\/wp\/v2\/pages\/41\/revisions"}],"predecessor-version":[{"id":66,"href":"http:\/\/www.quantumbh.com.br\/index.php?rest_route=\/wp\/v2\/pages\/41\/revisions\/66"}],"wp:attachment":[{"href":"http:\/\/www.quantumbh.com.br\/index.php?rest_route=%2Fwp%2Fv2%2Fmedia&parent=41"}],"curies":[{"name":"wp","href":"https:\/\/api.w.org\/{rel}","templated":true}]}}